{"id":3152,"date":"2025-05-14T12:51:05","date_gmt":"2025-05-14T12:51:05","guid":{"rendered":"https:\/\/artmarketing.es\/cookies-politik\/"},"modified":"2025-05-21T14:41:37","modified_gmt":"2025-05-21T14:41:37","slug":"cookies-politik","status":"publish","type":"page","link":"https:\/\/artmarketing.es\/de\/cookies-politik\/","title":{"rendered":"Cookies Politik"},"content":{"rendered":"<div class=\"fusion-fullwidth fullwidth-box fusion-builder-row-1 fusion-flex-container nonhundred-percent-fullwidth non-hundred-percent-height-scrolling\" style=\"--awb-border-radius-top-left:0px;--awb-border-radius-top-right:0px;--awb-border-radius-bottom-right:0px;--awb-border-radius-bottom-left:0px;--awb-flex-wrap:wrap;\" ><div class=\"fusion-builder-row fusion-row fusion-flex-align-items-flex-start fusion-flex-content-wrap\" style=\"max-width:1248px;margin-left: calc(-4% \/ 2 );margin-right: calc(-4% \/ 2 );\"><div class=\"fusion-layout-column fusion_builder_column fusion-builder-column-0 fusion_builder_column_1_1 1_1 fusion-flex-column\" style=\"--awb-bg-size:cover;--awb-width-large:100%;--awb-margin-top-large:0px;--awb-spacing-right-large:1.92%;--awb-margin-bottom-large:0px;--awb-spacing-left-large:1.92%;--awb-width-medium:100%;--awb-spacing-right-medium:1.92%;--awb-spacing-left-medium:1.92%;--awb-width-small:100%;--awb-spacing-right-small:1.92%;--awb-spacing-left-small:1.92%;\"><div class=\"fusion-column-wrapper fusion-flex-justify-content-flex-start fusion-content-layout-column\"><div class=\"fusion-text fusion-text-1\"><p>Wir von <b>Art Marketing<\/b> verwenden Cookies, um das Surferlebnis auf unserer Website <a href=\"http:\/\/artmarketing.es\">artmarketing.es<\/a> zu verbessern. Hier erkl\u00e4ren wir, was Cookies sind, welche Arten wir verwenden und wie Sie sie verwalten k\u00f6nnen.<\/p>\n<h4 class=\"wp-block-heading\"><strong>1. was sind Cookies?<\/strong><\/h4>\n<p>Cookies sind kleine Textdateien, die auf Ihrem Ger\u00e4t gespeichert werden, wenn Sie unsere Website besuchen. Diese helfen uns, Ihre Pr\u00e4ferenzen zu speichern, die Nutzung der Website zu analysieren und personalisierte Inhalte zu liefern.<\/p>\n<h4 class=\"wp-block-heading\"><strong>2. welche Arten von Cookies wir verwenden<\/strong><\/h4>\n<ul class=\"wp-block-list\">\n<li><strong>Unverzichtbare Cookies:<\/strong> Diese sind f\u00fcr den grundlegenden Betrieb der Website erforderlich, z. B. um Ihre Sitzung aktiv zu halten oder Ihren Warenkorb zu verwalten.<\/li>\n<li><strong>Performance-Cookies: Diese<\/strong> erm\u00f6glichen es uns, die Nutzung der Website zu analysieren und ihre Funktionalit\u00e4t zu verbessern.<\/li>\n<li><strong>Funktionalit\u00e4ts-Cookies:<\/strong> Diese merken sich Ihre Pr\u00e4ferenzen, wie Sprache oder Region, um Ihnen ein personalisiertes Erlebnis zu bieten.<\/li>\n<li><strong>Marketing- und Werbe-Cookies:<\/strong> Diese helfen dabei, Ihnen relevante Werbung anzuzeigen und die Effektivit\u00e4t unserer Werbekampagnen zu messen.<\/li>\n<\/ul>\n<h4 class=\"wp-block-heading\"><strong>3. wie verwenden wir Cookies?<\/strong><\/h4>\n<p>Wir verwenden Cookies, um:<\/p>\n<ul class=\"wp-block-list\">\n<li>Gew\u00e4hrleisten Sie das ordnungsgem\u00e4\u00dfe Funktionieren der Website.<\/li>\n<li>Um das Surfverhalten zu analysieren und unsere Website zu verbessern.<\/li>\n<li>Merken Sie sich Ihre Pr\u00e4ferenzen f\u00fcr zuk\u00fcnftige Besuche.<\/li>\n<li>Ihnen personalisierte Angebote und Werbung auf der Grundlage Ihrer Interessen anzubieten.<\/li>\n<\/ul>\n<h4 class=\"wp-block-heading\"><strong>4. die Verwaltung von Cookies<\/strong><\/h4>\n<p>Sie k\u00f6nnen Cookies in den Einstellungen Ihres Browsers verwalten und deaktivieren. Bitte beachten Sie, dass durch die Deaktivierung bestimmter Cookies einige Funktionen der Website m\u00f6glicherweise nicht verf\u00fcgbar sind.<\/p>\n<h4 class=\"wp-block-heading\"><strong>5. Cookies von Dritten<\/strong><\/h4>\n<p>Wir arbeiten mit externen Diensten zusammen, die ebenfalls Cookies auf Ihrem Ger\u00e4t platzieren k\u00f6nnen, wie z.B:<\/p>\n<ul class=\"wp-block-list\">\n<li>Google Analytics, um den Verkehr auf unserer Website zu analysieren.<\/li>\n<li>Facebook Ads und Google Ads, f\u00fcr Marketingkampagnen.<\/li>\n<\/ul>\n<h4 class=\"wp-block-heading\"><strong>6. Zustimmung<\/strong><\/h4>\n<p>Wenn Sie auf unserer Seite weitersurfen, stimmen Sie unserer Verwendung von Cookies gem\u00e4\u00df dieser Richtlinie zu. Wenn Sie Ihre Zustimmung widerrufen m\u00f6chten, k\u00f6nnen Sie dies tun, indem Sie Ihre Cookie-Einstellungen in Ihrem Browser \u00e4ndern.<\/p>\n<h4 class=\"wp-block-heading\"><strong>7. Aktualisierungen dieser Richtlinie<\/strong><\/h4>\n<p>Wir k\u00f6nnen unsere Cookie-Richtlinie aktualisieren, um \u00c4nderungen in der Verwendung von Cookies oder im geltenden Recht zu ber\u00fccksichtigen. Wir empfehlen Ihnen, sie regelm\u00e4\u00dfig zu \u00fcberpr\u00fcfen.<\/p>\n<p>F\u00fcr weitere Informationen schreiben Sie uns bitte an <a href=\"mailto:info@artmarketing.es\">info@artmarketing.es.<\/a><\/p>\n<\/div><\/div><\/div><\/div><\/div>\n","protected":false},"excerpt":{"rendered":"","protected":false},"author":1,"featured_media":0,"parent":0,"menu_order":0,"comment_status":"closed","ping_status":"closed","template":"100-width.php","meta":{"footnotes":""},"class_list":["post-3152","page","type-page","status-publish","hentry"],"yoast_head":"<!-- This site is optimized with the Yoast SEO plugin v27.3 - https:\/\/yoast.com\/product\/yoast-seo-wordpress\/ -->\n<title>Cookies Politik - Art Marketing<\/title>\n<meta name=\"robots\" content=\"index, follow, max-snippet:-1, max-image-preview:large, max-video-preview:-1\" \/>\n<link rel=\"canonical\" href=\"https:\/\/artmarketing.es\/de\/cookies-politik\/\" \/>\n<meta property=\"og:locale\" content=\"de_DE\" \/>\n<meta property=\"og:type\" content=\"article\" \/>\n<meta property=\"og:title\" content=\"Cookies Politik - Art Marketing\" \/>\n<meta property=\"og:url\" content=\"https:\/\/artmarketing.es\/de\/cookies-politik\/\" \/>\n<meta property=\"og:site_name\" content=\"Art Marketing\" \/>\n<meta property=\"article:modified_time\" content=\"2025-05-21T14:41:37+00:00\" \/>\n<meta name=\"twitter:card\" content=\"summary_large_image\" \/>\n<meta name=\"twitter:label1\" content=\"Gesch\u00e4tzte Lesezeit\" \/>\n\t<meta name=\"twitter:data1\" content=\"3\u00a0Minuten\" \/>\n<script type=\"application\/ld+json\" class=\"yoast-schema-graph\">{\"@context\":\"https:\\\/\\\/schema.org\",\"@graph\":[{\"@type\":\"WebPage\",\"@id\":\"https:\\\/\\\/artmarketing.es\\\/de\\\/cookies-politik\\\/\",\"url\":\"https:\\\/\\\/artmarketing.es\\\/de\\\/cookies-politik\\\/\",\"name\":\"Cookies Politik - Art Marketing\",\"isPartOf\":{\"@id\":\"https:\\\/\\\/artmarketing.es\\\/de\\\/#website\"},\"datePublished\":\"2025-05-14T12:51:05+00:00\",\"dateModified\":\"2025-05-21T14:41:37+00:00\",\"breadcrumb\":{\"@id\":\"https:\\\/\\\/artmarketing.es\\\/de\\\/cookies-politik\\\/#breadcrumb\"},\"inLanguage\":\"de\",\"potentialAction\":[{\"@type\":\"ReadAction\",\"target\":[\"https:\\\/\\\/artmarketing.es\\\/de\\\/cookies-politik\\\/\"]}]},{\"@type\":\"BreadcrumbList\",\"@id\":\"https:\\\/\\\/artmarketing.es\\\/de\\\/cookies-politik\\\/#breadcrumb\",\"itemListElement\":[{\"@type\":\"ListItem\",\"position\":1,\"name\":\"Portada\",\"item\":\"https:\\\/\\\/artmarketing.es\\\/de\\\/\"},{\"@type\":\"ListItem\",\"position\":2,\"name\":\"Cookies Politik\"}]},{\"@type\":\"WebSite\",\"@id\":\"https:\\\/\\\/artmarketing.es\\\/de\\\/#website\",\"url\":\"https:\\\/\\\/artmarketing.es\\\/de\\\/\",\"name\":\"Art Marketing\",\"description\":\"Slow marketing\",\"potentialAction\":[{\"@type\":\"SearchAction\",\"target\":{\"@type\":\"EntryPoint\",\"urlTemplate\":\"https:\\\/\\\/artmarketing.es\\\/de\\\/?s={search_term_string}\"},\"query-input\":{\"@type\":\"PropertyValueSpecification\",\"valueRequired\":true,\"valueName\":\"search_term_string\"}}],\"inLanguage\":\"de\"}]}<\/script>\n<!-- \/ Yoast SEO plugin. -->","yoast_head_json":{"title":"Cookies Politik - Art Marketing","robots":{"index":"index","follow":"follow","max-snippet":"max-snippet:-1","max-image-preview":"max-image-preview:large","max-video-preview":"max-video-preview:-1"},"canonical":"https:\/\/artmarketing.es\/de\/cookies-politik\/","og_locale":"de_DE","og_type":"article","og_title":"Cookies Politik - Art Marketing","og_url":"https:\/\/artmarketing.es\/de\/cookies-politik\/","og_site_name":"Art Marketing","article_modified_time":"2025-05-21T14:41:37+00:00","twitter_card":"summary_large_image","twitter_misc":{"Gesch\u00e4tzte Lesezeit":"3\u00a0Minuten"},"schema":{"@context":"https:\/\/schema.org","@graph":[{"@type":"WebPage","@id":"https:\/\/artmarketing.es\/de\/cookies-politik\/","url":"https:\/\/artmarketing.es\/de\/cookies-politik\/","name":"Cookies Politik - Art Marketing","isPartOf":{"@id":"https:\/\/artmarketing.es\/de\/#website"},"datePublished":"2025-05-14T12:51:05+00:00","dateModified":"2025-05-21T14:41:37+00:00","breadcrumb":{"@id":"https:\/\/artmarketing.es\/de\/cookies-politik\/#breadcrumb"},"inLanguage":"de","potentialAction":[{"@type":"ReadAction","target":["https:\/\/artmarketing.es\/de\/cookies-politik\/"]}]},{"@type":"BreadcrumbList","@id":"https:\/\/artmarketing.es\/de\/cookies-politik\/#breadcrumb","itemListElement":[{"@type":"ListItem","position":1,"name":"Portada","item":"https:\/\/artmarketing.es\/de\/"},{"@type":"ListItem","position":2,"name":"Cookies Politik"}]},{"@type":"WebSite","@id":"https:\/\/artmarketing.es\/de\/#website","url":"https:\/\/artmarketing.es\/de\/","name":"Art Marketing","description":"Slow marketing","potentialAction":[{"@type":"SearchAction","target":{"@type":"EntryPoint","urlTemplate":"https:\/\/artmarketing.es\/de\/?s={search_term_string}"},"query-input":{"@type":"PropertyValueSpecification","valueRequired":true,"valueName":"search_term_string"}}],"inLanguage":"de"}]}},"_links":{"self":[{"href":"https:\/\/artmarketing.es\/de\/wp-json\/wp\/v2\/pages\/3152","targetHints":{"allow":["GET"]}}],"collection":[{"href":"https:\/\/artmarketing.es\/de\/wp-json\/wp\/v2\/pages"}],"about":[{"href":"https:\/\/artmarketing.es\/de\/wp-json\/wp\/v2\/types\/page"}],"author":[{"embeddable":true,"href":"https:\/\/artmarketing.es\/de\/wp-json\/wp\/v2\/users\/1"}],"replies":[{"embeddable":true,"href":"https:\/\/artmarketing.es\/de\/wp-json\/wp\/v2\/comments?post=3152"}],"version-history":[{"count":2,"href":"https:\/\/artmarketing.es\/de\/wp-json\/wp\/v2\/pages\/3152\/revisions"}],"predecessor-version":[{"id":3154,"href":"https:\/\/artmarketing.es\/de\/wp-json\/wp\/v2\/pages\/3152\/revisions\/3154"}],"wp:attachment":[{"href":"https:\/\/artmarketing.es\/de\/wp-json\/wp\/v2\/media?parent=3152"}],"curies":[{"name":"wp","href":"https:\/\/api.w.org\/{rel}","templated":true}]}}