{"id":3145,"date":"2025-05-14T12:56:08","date_gmt":"2025-05-14T12:56:08","guid":{"rendered":"https:\/\/artmarketing.es\/datenschutzbestimmungen\/"},"modified":"2025-05-21T14:38:23","modified_gmt":"2025-05-21T14:38:23","slug":"datenschutzbestimmungen","status":"publish","type":"page","link":"https:\/\/artmarketing.es\/de\/datenschutzbestimmungen\/","title":{"rendered":"Datenschutzbestimmungen"},"content":{"rendered":"<div class=\"fusion-fullwidth fullwidth-box fusion-builder-row-1 fusion-flex-container nonhundred-percent-fullwidth non-hundred-percent-height-scrolling\" style=\"--awb-border-radius-top-left:0px;--awb-border-radius-top-right:0px;--awb-border-radius-bottom-right:0px;--awb-border-radius-bottom-left:0px;--awb-flex-wrap:wrap;\" ><div class=\"fusion-builder-row fusion-row fusion-flex-align-items-flex-start fusion-flex-content-wrap\" style=\"max-width:1248px;margin-left: calc(-4% \/ 2 );margin-right: calc(-4% \/ 2 );\"><div class=\"fusion-layout-column fusion_builder_column fusion-builder-column-0 fusion_builder_column_1_1 1_1 fusion-flex-column\" style=\"--awb-bg-size:cover;--awb-width-large:100%;--awb-margin-top-large:0px;--awb-spacing-right-large:1.92%;--awb-margin-bottom-large:0px;--awb-spacing-left-large:1.92%;--awb-width-medium:100%;--awb-spacing-right-medium:1.92%;--awb-spacing-left-medium:1.92%;--awb-width-small:100%;--awb-spacing-right-small:1.92%;--awb-spacing-left-small:1.92%;\"><div class=\"fusion-column-wrapper fusion-flex-justify-content-flex-start fusion-content-layout-column\"><div class=\"fusion-text fusion-text-1\"><h6 class=\"wp-block-heading has-small-font-size\">Bei Art Marketing respektieren und sch\u00fctzen wir Ihre Privatsph\u00e4re. Dieses Dokument beschreibt, wie wir die pers\u00f6nlichen Daten, die Sie uns mitteilen, sammeln, verwenden und sch\u00fctzen.<\/h6>\n<p><!-- \/wp:post-content --><\/p>\n<p><!-- wp:heading  --><\/p>\n<h4 class=\"wp-block-heading\"><strong>1. wir sammeln Informationen<\/strong><\/h4>\n<p><!-- \/wp:heading --><\/p>\n<p><!-- wp:paragraph --><\/p>\n<p>Wir sammeln Informationen, die Sie uns direkt zur Verf\u00fcgung stellen, wie z.B.:<\/p>\n<p><!-- \/wp:paragraph --><\/p>\n<p><!-- wp:list --><\/p>\n<ul class=\"wp-block-list\"><!-- wp:list-item --><\/p>\n<li>Name, Adresse und E-Mail Adresse.<\/li>\n<p><!-- \/wp:list-item --><\/p>\n<p><!-- wp:list-item --><\/p>\n<li>Zahlungs- und Abrechnungsinformationen (die sicher von Dritten verarbeitet werden).<\/li>\n<p><!-- \/wp:list-item --><\/p>\n<p><!-- wp:list-item --><\/p>\n<li>Browsing-Daten (Cookies und analytische Tools).<\/li>\n<p><!-- \/wp:list-item --><\/ul>\n<p><!-- \/wp:list --><\/p>\n<p><!-- wp:heading  --><\/p>\n<h4 class=\"wp-block-heading\"><strong>2. Verwendung Ihrer Daten<\/strong><\/h4>\n<p><!-- \/wp:heading --><\/p>\n<p><!-- wp:paragraph --><\/p>\n<p>Wir verwenden Ihre Informationen, um:<\/p>\n<p><!-- \/wp:paragraph --><\/p>\n<p><!-- wp:list --><\/p>\n<ul class=\"wp-block-list\"><!-- wp:list-item --><\/p>\n<li>Bearbeiten und liefern Sie Ihre Bestellungen.<\/li>\n<p><!-- \/wp:list-item --><\/p>\n<p><!-- wp:list-item --><\/p>\n<li>Verbessern Sie Ihre Erfahrung auf unserer Website.<\/li>\n<p><!-- \/wp:list-item --><\/p>\n<p><!-- wp:list-item --><\/p>\n<li>Reagieren Sie auf Anfragen und Bitten.<\/li>\n<p><!-- \/wp:list-item --><\/p>\n<p><!-- wp:list-item --><\/p>\n<li>Ihnen Angebote und Nachrichten zu senden, wenn Sie Ihre Zustimmung gegeben haben.<\/li>\n<p><!-- \/wp:list-item --><\/ul>\n<p><!-- \/wp:list --><\/p>\n<p><!-- wp:heading  --><\/p>\n<h4 class=\"wp-block-heading\"><strong>3. Weitergabe von Daten an Dritte<\/strong><\/h4>\n<p><!-- \/wp:heading --><\/p>\n<p><!-- wp:paragraph --><\/p>\n<p>Wir arbeiten mit externen Diensten, wie z.B. Zahlungs- und Logistikplattformen, die die Sicherheit Ihrer Daten gew\u00e4hrleisten. Wir verkaufen Ihre Daten nicht und geben sie nicht zu kommerziellen Zwecken an Dritte weiter.<\/p>\n<p><!-- \/wp:paragraph --><\/p>\n<p><!-- wp:heading  --><\/p>\n<h4 class=\"wp-block-heading\"><strong>4. Ihre Rechte<\/strong><\/h4>\n<p><!-- \/wp:heading --><\/p>\n<p><!-- wp:paragraph --><\/p>\n<p>Sie k\u00f6nnen Zugang, Korrektur oder L\u00f6schung Ihrer pers\u00f6nlichen Daten beantragen, indem Sie an <a>info@artmarketing.es schreiben .<\/a><\/p>\n<p><!-- \/wp:paragraph --><\/p>\n<p><!-- wp:heading  --><\/p>\n<h4 class=\"wp-block-heading\"><strong>5. Sicherheit<\/strong><\/h4>\n<p><!-- \/wp:heading --><\/p>\n<p><!-- wp:paragraph --><\/p>\n<p>Wir sch\u00fctzen Ihre Daten durch geeignete technische und organisatorische Ma\u00dfnahmen, um unbefugten Zugriff oder Datenverlust zu verhindern.<\/p>\n<p><!-- \/wp:paragraph --><\/p>\n<p><!-- wp:heading  --><\/p>\n<h4 class=\"wp-block-heading\"><strong>6. \u00c4nderungen der Politik<\/strong><\/h4>\n<p><!-- \/wp:heading --><\/p>\n<p><!-- wp:paragraph --><\/p>\n<p>Wir behalten uns das Recht vor, diese Politik zu \u00e4ndern. Wir werden die \u00c4nderungen auf unserer Website ver\u00f6ffentlichen.<\/p>\n<p><!-- \/wp:paragraph --><\/p>\n<p><!-- wp:paragraph --><\/p>\n<p>Bei Fragen zum Datenschutz kontaktieren Sie uns bitte unter <a>info@artmarketing.es.<\/a><\/p>\n<\/div><\/div><\/div><\/div><\/div>\n","protected":false},"excerpt":{"rendered":"","protected":false},"author":1,"featured_media":0,"parent":0,"menu_order":0,"comment_status":"closed","ping_status":"closed","template":"100-width.php","meta":{"footnotes":""},"class_list":["post-3145","page","type-page","status-publish","hentry"],"yoast_head":"<!-- This site is optimized with the Yoast SEO plugin v27.3 - https:\/\/yoast.com\/product\/yoast-seo-wordpress\/ -->\n<title>Datenschutzbestimmungen - Art Marketing<\/title>\n<meta name=\"robots\" content=\"index, follow, max-snippet:-1, max-image-preview:large, max-video-preview:-1\" \/>\n<link rel=\"canonical\" href=\"https:\/\/artmarketing.es\/de\/datenschutzbestimmungen\/\" \/>\n<meta property=\"og:locale\" content=\"de_DE\" \/>\n<meta property=\"og:type\" content=\"article\" \/>\n<meta property=\"og:title\" content=\"Datenschutzbestimmungen - Art Marketing\" \/>\n<meta property=\"og:url\" content=\"https:\/\/artmarketing.es\/de\/datenschutzbestimmungen\/\" \/>\n<meta property=\"og:site_name\" content=\"Art Marketing\" \/>\n<meta property=\"article:modified_time\" content=\"2025-05-21T14:38:23+00:00\" \/>\n<meta name=\"twitter:card\" content=\"summary_large_image\" \/>\n<meta name=\"twitter:label1\" content=\"Gesch\u00e4tzte Lesezeit\" \/>\n\t<meta name=\"twitter:data1\" content=\"2\u00a0Minuten\" \/>\n<script type=\"application\/ld+json\" class=\"yoast-schema-graph\">{\"@context\":\"https:\\\/\\\/schema.org\",\"@graph\":[{\"@type\":\"WebPage\",\"@id\":\"https:\\\/\\\/artmarketing.es\\\/de\\\/datenschutzbestimmungen\\\/\",\"url\":\"https:\\\/\\\/artmarketing.es\\\/de\\\/datenschutzbestimmungen\\\/\",\"name\":\"Datenschutzbestimmungen - Art Marketing\",\"isPartOf\":{\"@id\":\"https:\\\/\\\/artmarketing.es\\\/de\\\/#website\"},\"datePublished\":\"2025-05-14T12:56:08+00:00\",\"dateModified\":\"2025-05-21T14:38:23+00:00\",\"breadcrumb\":{\"@id\":\"https:\\\/\\\/artmarketing.es\\\/de\\\/datenschutzbestimmungen\\\/#breadcrumb\"},\"inLanguage\":\"de\",\"potentialAction\":[{\"@type\":\"ReadAction\",\"target\":[\"https:\\\/\\\/artmarketing.es\\\/de\\\/datenschutzbestimmungen\\\/\"]}]},{\"@type\":\"BreadcrumbList\",\"@id\":\"https:\\\/\\\/artmarketing.es\\\/de\\\/datenschutzbestimmungen\\\/#breadcrumb\",\"itemListElement\":[{\"@type\":\"ListItem\",\"position\":1,\"name\":\"Portada\",\"item\":\"https:\\\/\\\/artmarketing.es\\\/de\\\/\"},{\"@type\":\"ListItem\",\"position\":2,\"name\":\"Datenschutzbestimmungen\"}]},{\"@type\":\"WebSite\",\"@id\":\"https:\\\/\\\/artmarketing.es\\\/de\\\/#website\",\"url\":\"https:\\\/\\\/artmarketing.es\\\/de\\\/\",\"name\":\"Art Marketing\",\"description\":\"Slow marketing\",\"potentialAction\":[{\"@type\":\"SearchAction\",\"target\":{\"@type\":\"EntryPoint\",\"urlTemplate\":\"https:\\\/\\\/artmarketing.es\\\/de\\\/?s={search_term_string}\"},\"query-input\":{\"@type\":\"PropertyValueSpecification\",\"valueRequired\":true,\"valueName\":\"search_term_string\"}}],\"inLanguage\":\"de\"}]}<\/script>\n<!-- \/ Yoast SEO plugin. -->","yoast_head_json":{"title":"Datenschutzbestimmungen - Art Marketing","robots":{"index":"index","follow":"follow","max-snippet":"max-snippet:-1","max-image-preview":"max-image-preview:large","max-video-preview":"max-video-preview:-1"},"canonical":"https:\/\/artmarketing.es\/de\/datenschutzbestimmungen\/","og_locale":"de_DE","og_type":"article","og_title":"Datenschutzbestimmungen - Art Marketing","og_url":"https:\/\/artmarketing.es\/de\/datenschutzbestimmungen\/","og_site_name":"Art Marketing","article_modified_time":"2025-05-21T14:38:23+00:00","twitter_card":"summary_large_image","twitter_misc":{"Gesch\u00e4tzte Lesezeit":"2\u00a0Minuten"},"schema":{"@context":"https:\/\/schema.org","@graph":[{"@type":"WebPage","@id":"https:\/\/artmarketing.es\/de\/datenschutzbestimmungen\/","url":"https:\/\/artmarketing.es\/de\/datenschutzbestimmungen\/","name":"Datenschutzbestimmungen - Art Marketing","isPartOf":{"@id":"https:\/\/artmarketing.es\/de\/#website"},"datePublished":"2025-05-14T12:56:08+00:00","dateModified":"2025-05-21T14:38:23+00:00","breadcrumb":{"@id":"https:\/\/artmarketing.es\/de\/datenschutzbestimmungen\/#breadcrumb"},"inLanguage":"de","potentialAction":[{"@type":"ReadAction","target":["https:\/\/artmarketing.es\/de\/datenschutzbestimmungen\/"]}]},{"@type":"BreadcrumbList","@id":"https:\/\/artmarketing.es\/de\/datenschutzbestimmungen\/#breadcrumb","itemListElement":[{"@type":"ListItem","position":1,"name":"Portada","item":"https:\/\/artmarketing.es\/de\/"},{"@type":"ListItem","position":2,"name":"Datenschutzbestimmungen"}]},{"@type":"WebSite","@id":"https:\/\/artmarketing.es\/de\/#website","url":"https:\/\/artmarketing.es\/de\/","name":"Art Marketing","description":"Slow marketing","potentialAction":[{"@type":"SearchAction","target":{"@type":"EntryPoint","urlTemplate":"https:\/\/artmarketing.es\/de\/?s={search_term_string}"},"query-input":{"@type":"PropertyValueSpecification","valueRequired":true,"valueName":"search_term_string"}}],"inLanguage":"de"}]}},"_links":{"self":[{"href":"https:\/\/artmarketing.es\/de\/wp-json\/wp\/v2\/pages\/3145","targetHints":{"allow":["GET"]}}],"collection":[{"href":"https:\/\/artmarketing.es\/de\/wp-json\/wp\/v2\/pages"}],"about":[{"href":"https:\/\/artmarketing.es\/de\/wp-json\/wp\/v2\/types\/page"}],"author":[{"embeddable":true,"href":"https:\/\/artmarketing.es\/de\/wp-json\/wp\/v2\/users\/1"}],"replies":[{"embeddable":true,"href":"https:\/\/artmarketing.es\/de\/wp-json\/wp\/v2\/comments?post=3145"}],"version-history":[{"count":1,"href":"https:\/\/artmarketing.es\/de\/wp-json\/wp\/v2\/pages\/3145\/revisions"}],"predecessor-version":[{"id":3146,"href":"https:\/\/artmarketing.es\/de\/wp-json\/wp\/v2\/pages\/3145\/revisions\/3146"}],"wp:attachment":[{"href":"https:\/\/artmarketing.es\/de\/wp-json\/wp\/v2\/media?parent=3145"}],"curies":[{"name":"wp","href":"https:\/\/api.w.org\/{rel}","templated":true}]}}