{"id":3123,"date":"2025-05-14T12:53:21","date_gmt":"2025-05-14T12:53:21","guid":{"rendered":"https:\/\/artmarketing.es\/rechtlicher-hinweis\/"},"modified":"2025-05-21T14:29:27","modified_gmt":"2025-05-21T14:29:27","slug":"rechtlicher-hinweis","status":"publish","type":"page","link":"https:\/\/artmarketing.es\/de\/rechtlicher-hinweis\/","title":{"rendered":"Rechtlicher Hinweis"},"content":{"rendered":"<div class=\"fusion-fullwidth fullwidth-box fusion-builder-row-1 fusion-flex-container nonhundred-percent-fullwidth non-hundred-percent-height-scrolling\" style=\"--awb-border-radius-top-left:0px;--awb-border-radius-top-right:0px;--awb-border-radius-bottom-right:0px;--awb-border-radius-bottom-left:0px;--awb-flex-wrap:wrap;\" ><div class=\"fusion-builder-row fusion-row fusion-flex-align-items-flex-start fusion-flex-content-wrap\" style=\"max-width:1248px;margin-left: calc(-4% \/ 2 );margin-right: calc(-4% \/ 2 );\"><div class=\"fusion-layout-column fusion_builder_column fusion-builder-column-0 fusion_builder_column_1_1 1_1 fusion-flex-column\" style=\"--awb-bg-size:cover;--awb-width-large:100%;--awb-margin-top-large:0px;--awb-spacing-right-large:1.92%;--awb-margin-bottom-large:0px;--awb-spacing-left-large:1.92%;--awb-width-medium:100%;--awb-spacing-right-medium:1.92%;--awb-spacing-left-medium:1.92%;--awb-width-small:100%;--awb-spacing-right-small:1.92%;--awb-spacing-left-small:1.92%;\"><div class=\"fusion-column-wrapper fusion-flex-justify-content-flex-start fusion-content-layout-column\"><div class=\"fusion-text fusion-text-1\"><p>Dieser rechtliche Hinweis regelt die Nutzung der Website <a href=\"http:\/\/artmarketing.es\">artmarketing.es<\/a>, Eigentum von <b>Art Marketing.<\/b><\/p>\n<h4 class=\"wp-block-heading\"><strong>1. Informationen f\u00fcr den Inhaber<\/strong><\/h4>\n<ul class=\"wp-block-list\">\n<li><strong>Handelsname:<\/strong> Art Marketing<\/li>\n<li><strong>E-Mail:<\/strong> <a>info@artmarketing.es<\/a><\/li>\n<\/ul>\n<h4 class=\"wp-block-heading\"><strong>2. Geistiges Eigentum<\/strong><\/h4>\n<p>Alle Inhalte der Website, einschlie\u00dflich der Texte, Bilder und Designs, sind Eigentum von Art Marketing oder wurden ordnungsgem\u00e4\u00df lizenziert. Unerlaubte Reproduktion ist verboten.<\/p>\n<h4 class=\"wp-block-heading\"><strong>3. Nutzung der Website<\/strong><\/h4>\n<p>Durch die Nutzung dieser Website erkl\u00e4ren Sie sich mit den hier aufgef\u00fchrten rechtlichen Bedingungen einverstanden.<\/p>\n<h4 class=\"wp-block-heading\"><strong>4. Externe Links<\/strong><\/h4>\n<p>Die Website kann Links zu Websites von Dritten enthalten, deren Informationen und Datenschutzrichtlinien wir nicht kontrollieren k\u00f6nnen.<\/p>\n<h4 class=\"wp-block-heading\"><strong>5. Anwendbare Gesetzgebung<\/strong><\/h4>\n<p>Diese Mitteilung unterliegt den in Spanien geltenden Vorschriften.<\/p>\n<\/div><\/div><\/div><\/div><\/div>\n","protected":false},"excerpt":{"rendered":"","protected":false},"author":1,"featured_media":0,"parent":0,"menu_order":0,"comment_status":"closed","ping_status":"closed","template":"100-width.php","meta":{"footnotes":""},"class_list":["post-3123","page","type-page","status-publish","hentry"],"yoast_head":"<!-- This site is optimized with the Yoast SEO plugin v27.3 - https:\/\/yoast.com\/product\/yoast-seo-wordpress\/ -->\n<title>Rechtlicher Hinweis - Art Marketing<\/title>\n<meta name=\"robots\" content=\"index, follow, max-snippet:-1, max-image-preview:large, max-video-preview:-1\" \/>\n<link rel=\"canonical\" href=\"https:\/\/artmarketing.es\/de\/rechtlicher-hinweis\/\" \/>\n<meta property=\"og:locale\" content=\"de_DE\" \/>\n<meta property=\"og:type\" content=\"article\" \/>\n<meta property=\"og:title\" content=\"Rechtlicher Hinweis - Art Marketing\" \/>\n<meta property=\"og:url\" content=\"https:\/\/artmarketing.es\/de\/rechtlicher-hinweis\/\" \/>\n<meta property=\"og:site_name\" content=\"Art Marketing\" \/>\n<meta property=\"article:modified_time\" content=\"2025-05-21T14:29:27+00:00\" \/>\n<meta name=\"twitter:card\" content=\"summary_large_image\" \/>\n<meta name=\"twitter:label1\" content=\"Gesch\u00e4tzte Lesezeit\" \/>\n\t<meta name=\"twitter:data1\" content=\"2\u00a0Minuten\" \/>\n<script type=\"application\/ld+json\" class=\"yoast-schema-graph\">{\"@context\":\"https:\\\/\\\/schema.org\",\"@graph\":[{\"@type\":\"WebPage\",\"@id\":\"https:\\\/\\\/artmarketing.es\\\/de\\\/rechtlicher-hinweis\\\/\",\"url\":\"https:\\\/\\\/artmarketing.es\\\/de\\\/rechtlicher-hinweis\\\/\",\"name\":\"Rechtlicher Hinweis - Art Marketing\",\"isPartOf\":{\"@id\":\"https:\\\/\\\/artmarketing.es\\\/de\\\/#website\"},\"datePublished\":\"2025-05-14T12:53:21+00:00\",\"dateModified\":\"2025-05-21T14:29:27+00:00\",\"breadcrumb\":{\"@id\":\"https:\\\/\\\/artmarketing.es\\\/de\\\/rechtlicher-hinweis\\\/#breadcrumb\"},\"inLanguage\":\"de\",\"potentialAction\":[{\"@type\":\"ReadAction\",\"target\":[\"https:\\\/\\\/artmarketing.es\\\/de\\\/rechtlicher-hinweis\\\/\"]}]},{\"@type\":\"BreadcrumbList\",\"@id\":\"https:\\\/\\\/artmarketing.es\\\/de\\\/rechtlicher-hinweis\\\/#breadcrumb\",\"itemListElement\":[{\"@type\":\"ListItem\",\"position\":1,\"name\":\"Portada\",\"item\":\"https:\\\/\\\/artmarketing.es\\\/de\\\/\"},{\"@type\":\"ListItem\",\"position\":2,\"name\":\"Rechtlicher Hinweis\"}]},{\"@type\":\"WebSite\",\"@id\":\"https:\\\/\\\/artmarketing.es\\\/de\\\/#website\",\"url\":\"https:\\\/\\\/artmarketing.es\\\/de\\\/\",\"name\":\"Art Marketing\",\"description\":\"Slow marketing\",\"potentialAction\":[{\"@type\":\"SearchAction\",\"target\":{\"@type\":\"EntryPoint\",\"urlTemplate\":\"https:\\\/\\\/artmarketing.es\\\/de\\\/?s={search_term_string}\"},\"query-input\":{\"@type\":\"PropertyValueSpecification\",\"valueRequired\":true,\"valueName\":\"search_term_string\"}}],\"inLanguage\":\"de\"}]}<\/script>\n<!-- \/ Yoast SEO plugin. -->","yoast_head_json":{"title":"Rechtlicher Hinweis - Art Marketing","robots":{"index":"index","follow":"follow","max-snippet":"max-snippet:-1","max-image-preview":"max-image-preview:large","max-video-preview":"max-video-preview:-1"},"canonical":"https:\/\/artmarketing.es\/de\/rechtlicher-hinweis\/","og_locale":"de_DE","og_type":"article","og_title":"Rechtlicher Hinweis - Art Marketing","og_url":"https:\/\/artmarketing.es\/de\/rechtlicher-hinweis\/","og_site_name":"Art Marketing","article_modified_time":"2025-05-21T14:29:27+00:00","twitter_card":"summary_large_image","twitter_misc":{"Gesch\u00e4tzte Lesezeit":"2\u00a0Minuten"},"schema":{"@context":"https:\/\/schema.org","@graph":[{"@type":"WebPage","@id":"https:\/\/artmarketing.es\/de\/rechtlicher-hinweis\/","url":"https:\/\/artmarketing.es\/de\/rechtlicher-hinweis\/","name":"Rechtlicher Hinweis - Art Marketing","isPartOf":{"@id":"https:\/\/artmarketing.es\/de\/#website"},"datePublished":"2025-05-14T12:53:21+00:00","dateModified":"2025-05-21T14:29:27+00:00","breadcrumb":{"@id":"https:\/\/artmarketing.es\/de\/rechtlicher-hinweis\/#breadcrumb"},"inLanguage":"de","potentialAction":[{"@type":"ReadAction","target":["https:\/\/artmarketing.es\/de\/rechtlicher-hinweis\/"]}]},{"@type":"BreadcrumbList","@id":"https:\/\/artmarketing.es\/de\/rechtlicher-hinweis\/#breadcrumb","itemListElement":[{"@type":"ListItem","position":1,"name":"Portada","item":"https:\/\/artmarketing.es\/de\/"},{"@type":"ListItem","position":2,"name":"Rechtlicher Hinweis"}]},{"@type":"WebSite","@id":"https:\/\/artmarketing.es\/de\/#website","url":"https:\/\/artmarketing.es\/de\/","name":"Art Marketing","description":"Slow marketing","potentialAction":[{"@type":"SearchAction","target":{"@type":"EntryPoint","urlTemplate":"https:\/\/artmarketing.es\/de\/?s={search_term_string}"},"query-input":{"@type":"PropertyValueSpecification","valueRequired":true,"valueName":"search_term_string"}}],"inLanguage":"de"}]}},"_links":{"self":[{"href":"https:\/\/artmarketing.es\/de\/wp-json\/wp\/v2\/pages\/3123","targetHints":{"allow":["GET"]}}],"collection":[{"href":"https:\/\/artmarketing.es\/de\/wp-json\/wp\/v2\/pages"}],"about":[{"href":"https:\/\/artmarketing.es\/de\/wp-json\/wp\/v2\/types\/page"}],"author":[{"embeddable":true,"href":"https:\/\/artmarketing.es\/de\/wp-json\/wp\/v2\/users\/1"}],"replies":[{"embeddable":true,"href":"https:\/\/artmarketing.es\/de\/wp-json\/wp\/v2\/comments?post=3123"}],"version-history":[{"count":2,"href":"https:\/\/artmarketing.es\/de\/wp-json\/wp\/v2\/pages\/3123\/revisions"}],"predecessor-version":[{"id":3125,"href":"https:\/\/artmarketing.es\/de\/wp-json\/wp\/v2\/pages\/3123\/revisions\/3125"}],"wp:attachment":[{"href":"https:\/\/artmarketing.es\/de\/wp-json\/wp\/v2\/media?parent=3123"}],"curies":[{"name":"wp","href":"https:\/\/api.w.org\/{rel}","templated":true}]}}